{"id":794,"date":"2026-04-07T22:17:37","date_gmt":"2026-04-08T02:17:37","guid":{"rendered":"https:\/\/mondobio.fr\/index.php\/product\/creme-d-entretien-pour-inox\/"},"modified":"2026-04-14T21:59:44","modified_gmt":"2026-04-15T01:59:44","slug":"creme-d-entretien-pour-inox","status":"publish","type":"product","link":"https:\/\/mondobio.fr\/index.php\/product\/creme-d-entretien-pour-inox\/","title":{"rendered":"CREME D ENTRETIEN POUR INOX"},"content":{"rendered":"<p>Ce produit s&rsquo;int\u00e8gre facilement \u00e0 une routine beaut\u00e9 ou d&rsquo;hygi\u00e8ne. Son format pratique convient \u00e0 une utilisation r\u00e9guli\u00e8re pour prendre soin de la peau, des cheveux ou du corps avec simplicit\u00e9.<\/p>\n","protected":false},"excerpt":{"rendered":"<p>Creme d entretien pour inox pour l&rsquo;hygi\u00e8ne, le confort et la beaut\u00e9 au quotidien.<\/p>\n","protected":false},"featured_media":793,"comment_status":"open","ping_status":"closed","template":"","meta":{"_et_pb_use_builder":"","_et_pb_old_content":"","_et_gb_content_width":""},"product_brand":[],"product_cat":[42],"product_tag":[],"class_list":{"0":"post-794","1":"product","2":"type-product","3":"status-publish","4":"has-post-thumbnail","6":"product_cat-maison-entretien","8":"first","9":"instock","10":"taxable","11":"shipping-taxable","12":"purchasable","13":"product-type-simple"},"yoast_head":"<!-- This site is optimized with the Yoast SEO plugin v27.5 - https:\/\/yoast.com\/product\/yoast-seo-wordpress\/ -->\n<title>CREME D ENTRETIEN POUR INOX - Mondobio<\/title>\n<meta name=\"robots\" content=\"index, follow, max-snippet:-1, max-image-preview:large, max-video-preview:-1\" \/>\n<link rel=\"canonical\" href=\"https:\/\/mondobio.fr\/index.php\/product\/creme-d-entretien-pour-inox\/\" \/>\n<meta property=\"og:locale\" content=\"fr_FR\" \/>\n<meta property=\"og:type\" content=\"article\" \/>\n<meta property=\"og:title\" content=\"CREME D ENTRETIEN POUR INOX - Mondobio\" \/>\n<meta property=\"og:description\" content=\"Creme d entretien pour inox pour l&#039;hygi\u00e8ne, le confort et la beaut\u00e9 au quotidien.\" \/>\n<meta property=\"og:url\" content=\"https:\/\/mondobio.fr\/index.php\/product\/creme-d-entretien-pour-inox\/\" \/>\n<meta property=\"og:site_name\" content=\"Mondobio\" \/>\n<meta property=\"article:publisher\" content=\"https:\/\/www.facebook.com\/p\/Mondo-Bio-100039896666120\/\" \/>\n<meta property=\"article:modified_time\" content=\"2026-04-15T01:59:44+00:00\" \/>\n<meta name=\"twitter:card\" content=\"summary_large_image\" \/>\n<script type=\"application\/ld+json\" class=\"yoast-schema-graph\">{\"@context\":\"https:\\\/\\\/schema.org\",\"@graph\":[{\"@type\":\"WebPage\",\"@id\":\"https:\\\/\\\/mondobio.fr\\\/index.php\\\/product\\\/creme-d-entretien-pour-inox\\\/\",\"url\":\"https:\\\/\\\/mondobio.fr\\\/index.php\\\/product\\\/creme-d-entretien-pour-inox\\\/\",\"name\":\"CREME D ENTRETIEN POUR INOX - Mondobio\",\"isPartOf\":{\"@id\":\"https:\\\/\\\/mondobio.fr\\\/#website\"},\"primaryImageOfPage\":{\"@id\":\"https:\\\/\\\/mondobio.fr\\\/index.php\\\/product\\\/creme-d-entretien-pour-inox\\\/#primaryimage\"},\"image\":{\"@id\":\"https:\\\/\\\/mondobio.fr\\\/index.php\\\/product\\\/creme-d-entretien-pour-inox\\\/#primaryimage\"},\"thumbnailUrl\":\"https:\\\/\\\/mondobio.fr\\\/wp-content\\\/uploads\\\/2026\\\/04\\\/creme-nettoyante-pour-inox-et-chrome-250ml-de-w-pro.jpg\",\"datePublished\":\"2026-04-08T02:17:37+00:00\",\"dateModified\":\"2026-04-15T01:59:44+00:00\",\"breadcrumb\":{\"@id\":\"https:\\\/\\\/mondobio.fr\\\/index.php\\\/product\\\/creme-d-entretien-pour-inox\\\/#breadcrumb\"},\"inLanguage\":\"fr-FR\",\"potentialAction\":[{\"@type\":\"ReadAction\",\"target\":[\"https:\\\/\\\/mondobio.fr\\\/index.php\\\/product\\\/creme-d-entretien-pour-inox\\\/\"]}]},{\"@type\":\"ImageObject\",\"inLanguage\":\"fr-FR\",\"@id\":\"https:\\\/\\\/mondobio.fr\\\/index.php\\\/product\\\/creme-d-entretien-pour-inox\\\/#primaryimage\",\"url\":\"https:\\\/\\\/mondobio.fr\\\/wp-content\\\/uploads\\\/2026\\\/04\\\/creme-nettoyante-pour-inox-et-chrome-250ml-de-w-pro.jpg\",\"contentUrl\":\"https:\\\/\\\/mondobio.fr\\\/wp-content\\\/uploads\\\/2026\\\/04\\\/creme-nettoyante-pour-inox-et-chrome-250ml-de-w-pro.jpg\",\"width\":1100,\"height\":1422},{\"@type\":\"BreadcrumbList\",\"@id\":\"https:\\\/\\\/mondobio.fr\\\/index.php\\\/product\\\/creme-d-entretien-pour-inox\\\/#breadcrumb\",\"itemListElement\":[{\"@type\":\"ListItem\",\"position\":1,\"name\":\"Home\",\"item\":\"https:\\\/\\\/mondobio.fr\\\/\"},{\"@type\":\"ListItem\",\"position\":2,\"name\":\"Shop\",\"item\":\"https:\\\/\\\/mondobio.fr\\\/\"},{\"@type\":\"ListItem\",\"position\":3,\"name\":\"CREME D ENTRETIEN POUR INOX\"}]},{\"@type\":\"WebSite\",\"@id\":\"https:\\\/\\\/mondobio.fr\\\/#website\",\"url\":\"https:\\\/\\\/mondobio.fr\\\/\",\"name\":\"Mondobio\",\"description\":\"\",\"publisher\":{\"@id\":\"https:\\\/\\\/mondobio.fr\\\/#organization\"},\"potentialAction\":[{\"@type\":\"SearchAction\",\"target\":{\"@type\":\"EntryPoint\",\"urlTemplate\":\"https:\\\/\\\/mondobio.fr\\\/?s={search_term_string}\"},\"query-input\":{\"@type\":\"PropertyValueSpecification\",\"valueRequired\":true,\"valueName\":\"search_term_string\"}}],\"inLanguage\":\"fr-FR\"},{\"@type\":\"Organization\",\"@id\":\"https:\\\/\\\/mondobio.fr\\\/#organization\",\"name\":\"Mondobio\",\"url\":\"https:\\\/\\\/mondobio.fr\\\/\",\"logo\":{\"@type\":\"ImageObject\",\"inLanguage\":\"fr-FR\",\"@id\":\"https:\\\/\\\/mondobio.fr\\\/#\\\/schema\\\/logo\\\/image\\\/\",\"url\":\"https:\\\/\\\/mondobio.fr\\\/wp-content\\\/uploads\\\/2025\\\/07\\\/MondoBio.png\",\"contentUrl\":\"https:\\\/\\\/mondobio.fr\\\/wp-content\\\/uploads\\\/2025\\\/07\\\/MondoBio.png\",\"width\":500,\"height\":500,\"caption\":\"Mondobio\"},\"image\":{\"@id\":\"https:\\\/\\\/mondobio.fr\\\/#\\\/schema\\\/logo\\\/image\\\/\"},\"sameAs\":[\"https:\\\/\\\/www.facebook.com\\\/p\\\/Mondo-Bio-100039896666120\\\/\"]}]}<\/script>\n<!-- \/ Yoast SEO plugin. -->","yoast_head_json":{"title":"CREME D ENTRETIEN POUR INOX - Mondobio","robots":{"index":"index","follow":"follow","max-snippet":"max-snippet:-1","max-image-preview":"max-image-preview:large","max-video-preview":"max-video-preview:-1"},"canonical":"https:\/\/mondobio.fr\/index.php\/product\/creme-d-entretien-pour-inox\/","og_locale":"fr_FR","og_type":"article","og_title":"CREME D ENTRETIEN POUR INOX - Mondobio","og_description":"Creme d entretien pour inox pour l'hygi\u00e8ne, le confort et la beaut\u00e9 au quotidien.","og_url":"https:\/\/mondobio.fr\/index.php\/product\/creme-d-entretien-pour-inox\/","og_site_name":"Mondobio","article_publisher":"https:\/\/www.facebook.com\/p\/Mondo-Bio-100039896666120\/","article_modified_time":"2026-04-15T01:59:44+00:00","twitter_card":"summary_large_image","schema":{"@context":"https:\/\/schema.org","@graph":[{"@type":"WebPage","@id":"https:\/\/mondobio.fr\/index.php\/product\/creme-d-entretien-pour-inox\/","url":"https:\/\/mondobio.fr\/index.php\/product\/creme-d-entretien-pour-inox\/","name":"CREME D ENTRETIEN POUR INOX - Mondobio","isPartOf":{"@id":"https:\/\/mondobio.fr\/#website"},"primaryImageOfPage":{"@id":"https:\/\/mondobio.fr\/index.php\/product\/creme-d-entretien-pour-inox\/#primaryimage"},"image":{"@id":"https:\/\/mondobio.fr\/index.php\/product\/creme-d-entretien-pour-inox\/#primaryimage"},"thumbnailUrl":"https:\/\/mondobio.fr\/wp-content\/uploads\/2026\/04\/creme-nettoyante-pour-inox-et-chrome-250ml-de-w-pro.jpg","datePublished":"2026-04-08T02:17:37+00:00","dateModified":"2026-04-15T01:59:44+00:00","breadcrumb":{"@id":"https:\/\/mondobio.fr\/index.php\/product\/creme-d-entretien-pour-inox\/#breadcrumb"},"inLanguage":"fr-FR","potentialAction":[{"@type":"ReadAction","target":["https:\/\/mondobio.fr\/index.php\/product\/creme-d-entretien-pour-inox\/"]}]},{"@type":"ImageObject","inLanguage":"fr-FR","@id":"https:\/\/mondobio.fr\/index.php\/product\/creme-d-entretien-pour-inox\/#primaryimage","url":"https:\/\/mondobio.fr\/wp-content\/uploads\/2026\/04\/creme-nettoyante-pour-inox-et-chrome-250ml-de-w-pro.jpg","contentUrl":"https:\/\/mondobio.fr\/wp-content\/uploads\/2026\/04\/creme-nettoyante-pour-inox-et-chrome-250ml-de-w-pro.jpg","width":1100,"height":1422},{"@type":"BreadcrumbList","@id":"https:\/\/mondobio.fr\/index.php\/product\/creme-d-entretien-pour-inox\/#breadcrumb","itemListElement":[{"@type":"ListItem","position":1,"name":"Home","item":"https:\/\/mondobio.fr\/"},{"@type":"ListItem","position":2,"name":"Shop","item":"https:\/\/mondobio.fr\/"},{"@type":"ListItem","position":3,"name":"CREME D ENTRETIEN POUR INOX"}]},{"@type":"WebSite","@id":"https:\/\/mondobio.fr\/#website","url":"https:\/\/mondobio.fr\/","name":"Mondobio","description":"","publisher":{"@id":"https:\/\/mondobio.fr\/#organization"},"potentialAction":[{"@type":"SearchAction","target":{"@type":"EntryPoint","urlTemplate":"https:\/\/mondobio.fr\/?s={search_term_string}"},"query-input":{"@type":"PropertyValueSpecification","valueRequired":true,"valueName":"search_term_string"}}],"inLanguage":"fr-FR"},{"@type":"Organization","@id":"https:\/\/mondobio.fr\/#organization","name":"Mondobio","url":"https:\/\/mondobio.fr\/","logo":{"@type":"ImageObject","inLanguage":"fr-FR","@id":"https:\/\/mondobio.fr\/#\/schema\/logo\/image\/","url":"https:\/\/mondobio.fr\/wp-content\/uploads\/2025\/07\/MondoBio.png","contentUrl":"https:\/\/mondobio.fr\/wp-content\/uploads\/2025\/07\/MondoBio.png","width":500,"height":500,"caption":"Mondobio"},"image":{"@id":"https:\/\/mondobio.fr\/#\/schema\/logo\/image\/"},"sameAs":["https:\/\/www.facebook.com\/p\/Mondo-Bio-100039896666120\/"]}]}},"jetpack_sharing_enabled":true,"_links":{"self":[{"href":"https:\/\/mondobio.fr\/index.php\/wp-json\/wp\/v2\/product\/794","targetHints":{"allow":["GET"]}}],"collection":[{"href":"https:\/\/mondobio.fr\/index.php\/wp-json\/wp\/v2\/product"}],"about":[{"href":"https:\/\/mondobio.fr\/index.php\/wp-json\/wp\/v2\/types\/product"}],"replies":[{"embeddable":true,"href":"https:\/\/mondobio.fr\/index.php\/wp-json\/wp\/v2\/comments?post=794"}],"wp:featuredmedia":[{"embeddable":true,"href":"https:\/\/mondobio.fr\/index.php\/wp-json\/wp\/v2\/media\/793"}],"wp:attachment":[{"href":"https:\/\/mondobio.fr\/index.php\/wp-json\/wp\/v2\/media?parent=794"}],"wp:term":[{"taxonomy":"product_brand","embeddable":true,"href":"https:\/\/mondobio.fr\/index.php\/wp-json\/wp\/v2\/product_brand?post=794"},{"taxonomy":"product_cat","embeddable":true,"href":"https:\/\/mondobio.fr\/index.php\/wp-json\/wp\/v2\/product_cat?post=794"},{"taxonomy":"product_tag","embeddable":true,"href":"https:\/\/mondobio.fr\/index.php\/wp-json\/wp\/v2\/product_tag?post=794"}],"curies":[{"name":"wp","href":"https:\/\/api.w.org\/{rel}","templated":true}]}}