{"id":684,"date":"2026-04-07T22:15:25","date_gmt":"2026-04-08T02:15:25","guid":{"rendered":"https:\/\/mondobio.fr\/index.php\/product\/chiffon-microfilament-lunettes-ecran\/"},"modified":"2026-04-14T21:59:41","modified_gmt":"2026-04-15T01:59:41","slug":"chiffon-microfilament-lunettes-ecran","status":"publish","type":"product","link":"https:\/\/mondobio.fr\/index.php\/product\/chiffon-microfilament-lunettes-ecran\/","title":{"rendered":"CHIFFON MICROFILAMENT LUNETTES\/ECRAN"},"content":{"rendered":"<p>Ce produit est con\u00e7u pour un usage simple et efficace au quotidien. Son format pratique permet de l&rsquo;int\u00e9grer facilement \u00e0 vos habitudes, \u00e0 la maison ou en d\u00e9placement, selon le type de produit et l&rsquo;utilisation recherch\u00e9e.<\/p>\n","protected":false},"excerpt":{"rendered":"<p>Chiffon microfilament lunettes\/ecran pratique et simple \u00e0 utiliser au quotidien.<\/p>\n","protected":false},"featured_media":0,"comment_status":"open","ping_status":"closed","template":"","meta":{"_et_pb_use_builder":"","_et_pb_old_content":"","_et_gb_content_width":""},"product_brand":[],"product_cat":[42],"product_tag":[],"class_list":{"0":"post-684","1":"product","2":"type-product","3":"status-publish","5":"product_cat-maison-entretien","7":"first","8":"instock","9":"taxable","10":"shipping-taxable","11":"purchasable","12":"product-type-simple"},"yoast_head":"<!-- This site is optimized with the Yoast SEO plugin v27.5 - https:\/\/yoast.com\/product\/yoast-seo-wordpress\/ -->\n<title>CHIFFON MICROFILAMENT LUNETTES\/ECRAN - Mondobio<\/title>\n<meta name=\"robots\" content=\"index, follow, max-snippet:-1, max-image-preview:large, max-video-preview:-1\" \/>\n<link rel=\"canonical\" href=\"https:\/\/mondobio.fr\/index.php\/product\/chiffon-microfilament-lunettes-ecran\/\" \/>\n<meta property=\"og:locale\" content=\"fr_FR\" \/>\n<meta property=\"og:type\" content=\"article\" \/>\n<meta property=\"og:title\" content=\"CHIFFON MICROFILAMENT LUNETTES\/ECRAN - Mondobio\" \/>\n<meta property=\"og:description\" content=\"Chiffon microfilament lunettes\/ecran pratique et simple \u00e0 utiliser au quotidien.\" \/>\n<meta property=\"og:url\" content=\"https:\/\/mondobio.fr\/index.php\/product\/chiffon-microfilament-lunettes-ecran\/\" \/>\n<meta property=\"og:site_name\" content=\"Mondobio\" \/>\n<meta property=\"article:publisher\" content=\"https:\/\/www.facebook.com\/p\/Mondo-Bio-100039896666120\/\" \/>\n<meta property=\"article:modified_time\" content=\"2026-04-15T01:59:41+00:00\" \/>\n<meta name=\"twitter:card\" content=\"summary_large_image\" \/>\n<script type=\"application\/ld+json\" class=\"yoast-schema-graph\">{\"@context\":\"https:\\\/\\\/schema.org\",\"@graph\":[{\"@type\":\"WebPage\",\"@id\":\"https:\\\/\\\/mondobio.fr\\\/index.php\\\/product\\\/chiffon-microfilament-lunettes-ecran\\\/\",\"url\":\"https:\\\/\\\/mondobio.fr\\\/index.php\\\/product\\\/chiffon-microfilament-lunettes-ecran\\\/\",\"name\":\"CHIFFON MICROFILAMENT LUNETTES\\\/ECRAN - Mondobio\",\"isPartOf\":{\"@id\":\"https:\\\/\\\/mondobio.fr\\\/#website\"},\"datePublished\":\"2026-04-08T02:15:25+00:00\",\"dateModified\":\"2026-04-15T01:59:41+00:00\",\"breadcrumb\":{\"@id\":\"https:\\\/\\\/mondobio.fr\\\/index.php\\\/product\\\/chiffon-microfilament-lunettes-ecran\\\/#breadcrumb\"},\"inLanguage\":\"fr-FR\",\"potentialAction\":[{\"@type\":\"ReadAction\",\"target\":[\"https:\\\/\\\/mondobio.fr\\\/index.php\\\/product\\\/chiffon-microfilament-lunettes-ecran\\\/\"]}]},{\"@type\":\"BreadcrumbList\",\"@id\":\"https:\\\/\\\/mondobio.fr\\\/index.php\\\/product\\\/chiffon-microfilament-lunettes-ecran\\\/#breadcrumb\",\"itemListElement\":[{\"@type\":\"ListItem\",\"position\":1,\"name\":\"Home\",\"item\":\"https:\\\/\\\/mondobio.fr\\\/\"},{\"@type\":\"ListItem\",\"position\":2,\"name\":\"Shop\",\"item\":\"https:\\\/\\\/mondobio.fr\\\/\"},{\"@type\":\"ListItem\",\"position\":3,\"name\":\"CHIFFON MICROFILAMENT LUNETTES\\\/ECRAN\"}]},{\"@type\":\"WebSite\",\"@id\":\"https:\\\/\\\/mondobio.fr\\\/#website\",\"url\":\"https:\\\/\\\/mondobio.fr\\\/\",\"name\":\"Mondobio\",\"description\":\"\",\"publisher\":{\"@id\":\"https:\\\/\\\/mondobio.fr\\\/#organization\"},\"potentialAction\":[{\"@type\":\"SearchAction\",\"target\":{\"@type\":\"EntryPoint\",\"urlTemplate\":\"https:\\\/\\\/mondobio.fr\\\/?s={search_term_string}\"},\"query-input\":{\"@type\":\"PropertyValueSpecification\",\"valueRequired\":true,\"valueName\":\"search_term_string\"}}],\"inLanguage\":\"fr-FR\"},{\"@type\":\"Organization\",\"@id\":\"https:\\\/\\\/mondobio.fr\\\/#organization\",\"name\":\"Mondobio\",\"url\":\"https:\\\/\\\/mondobio.fr\\\/\",\"logo\":{\"@type\":\"ImageObject\",\"inLanguage\":\"fr-FR\",\"@id\":\"https:\\\/\\\/mondobio.fr\\\/#\\\/schema\\\/logo\\\/image\\\/\",\"url\":\"https:\\\/\\\/mondobio.fr\\\/wp-content\\\/uploads\\\/2025\\\/07\\\/MondoBio.png\",\"contentUrl\":\"https:\\\/\\\/mondobio.fr\\\/wp-content\\\/uploads\\\/2025\\\/07\\\/MondoBio.png\",\"width\":500,\"height\":500,\"caption\":\"Mondobio\"},\"image\":{\"@id\":\"https:\\\/\\\/mondobio.fr\\\/#\\\/schema\\\/logo\\\/image\\\/\"},\"sameAs\":[\"https:\\\/\\\/www.facebook.com\\\/p\\\/Mondo-Bio-100039896666120\\\/\"]}]}<\/script>\n<!-- \/ Yoast SEO plugin. -->","yoast_head_json":{"title":"CHIFFON MICROFILAMENT LUNETTES\/ECRAN - Mondobio","robots":{"index":"index","follow":"follow","max-snippet":"max-snippet:-1","max-image-preview":"max-image-preview:large","max-video-preview":"max-video-preview:-1"},"canonical":"https:\/\/mondobio.fr\/index.php\/product\/chiffon-microfilament-lunettes-ecran\/","og_locale":"fr_FR","og_type":"article","og_title":"CHIFFON MICROFILAMENT LUNETTES\/ECRAN - Mondobio","og_description":"Chiffon microfilament lunettes\/ecran pratique et simple \u00e0 utiliser au quotidien.","og_url":"https:\/\/mondobio.fr\/index.php\/product\/chiffon-microfilament-lunettes-ecran\/","og_site_name":"Mondobio","article_publisher":"https:\/\/www.facebook.com\/p\/Mondo-Bio-100039896666120\/","article_modified_time":"2026-04-15T01:59:41+00:00","twitter_card":"summary_large_image","schema":{"@context":"https:\/\/schema.org","@graph":[{"@type":"WebPage","@id":"https:\/\/mondobio.fr\/index.php\/product\/chiffon-microfilament-lunettes-ecran\/","url":"https:\/\/mondobio.fr\/index.php\/product\/chiffon-microfilament-lunettes-ecran\/","name":"CHIFFON MICROFILAMENT LUNETTES\/ECRAN - Mondobio","isPartOf":{"@id":"https:\/\/mondobio.fr\/#website"},"datePublished":"2026-04-08T02:15:25+00:00","dateModified":"2026-04-15T01:59:41+00:00","breadcrumb":{"@id":"https:\/\/mondobio.fr\/index.php\/product\/chiffon-microfilament-lunettes-ecran\/#breadcrumb"},"inLanguage":"fr-FR","potentialAction":[{"@type":"ReadAction","target":["https:\/\/mondobio.fr\/index.php\/product\/chiffon-microfilament-lunettes-ecran\/"]}]},{"@type":"BreadcrumbList","@id":"https:\/\/mondobio.fr\/index.php\/product\/chiffon-microfilament-lunettes-ecran\/#breadcrumb","itemListElement":[{"@type":"ListItem","position":1,"name":"Home","item":"https:\/\/mondobio.fr\/"},{"@type":"ListItem","position":2,"name":"Shop","item":"https:\/\/mondobio.fr\/"},{"@type":"ListItem","position":3,"name":"CHIFFON MICROFILAMENT LUNETTES\/ECRAN"}]},{"@type":"WebSite","@id":"https:\/\/mondobio.fr\/#website","url":"https:\/\/mondobio.fr\/","name":"Mondobio","description":"","publisher":{"@id":"https:\/\/mondobio.fr\/#organization"},"potentialAction":[{"@type":"SearchAction","target":{"@type":"EntryPoint","urlTemplate":"https:\/\/mondobio.fr\/?s={search_term_string}"},"query-input":{"@type":"PropertyValueSpecification","valueRequired":true,"valueName":"search_term_string"}}],"inLanguage":"fr-FR"},{"@type":"Organization","@id":"https:\/\/mondobio.fr\/#organization","name":"Mondobio","url":"https:\/\/mondobio.fr\/","logo":{"@type":"ImageObject","inLanguage":"fr-FR","@id":"https:\/\/mondobio.fr\/#\/schema\/logo\/image\/","url":"https:\/\/mondobio.fr\/wp-content\/uploads\/2025\/07\/MondoBio.png","contentUrl":"https:\/\/mondobio.fr\/wp-content\/uploads\/2025\/07\/MondoBio.png","width":500,"height":500,"caption":"Mondobio"},"image":{"@id":"https:\/\/mondobio.fr\/#\/schema\/logo\/image\/"},"sameAs":["https:\/\/www.facebook.com\/p\/Mondo-Bio-100039896666120\/"]}]}},"jetpack_sharing_enabled":true,"_links":{"self":[{"href":"https:\/\/mondobio.fr\/index.php\/wp-json\/wp\/v2\/product\/684","targetHints":{"allow":["GET"]}}],"collection":[{"href":"https:\/\/mondobio.fr\/index.php\/wp-json\/wp\/v2\/product"}],"about":[{"href":"https:\/\/mondobio.fr\/index.php\/wp-json\/wp\/v2\/types\/product"}],"replies":[{"embeddable":true,"href":"https:\/\/mondobio.fr\/index.php\/wp-json\/wp\/v2\/comments?post=684"}],"wp:attachment":[{"href":"https:\/\/mondobio.fr\/index.php\/wp-json\/wp\/v2\/media?parent=684"}],"wp:term":[{"taxonomy":"product_brand","embeddable":true,"href":"https:\/\/mondobio.fr\/index.php\/wp-json\/wp\/v2\/product_brand?post=684"},{"taxonomy":"product_cat","embeddable":true,"href":"https:\/\/mondobio.fr\/index.php\/wp-json\/wp\/v2\/product_cat?post=684"},{"taxonomy":"product_tag","embeddable":true,"href":"https:\/\/mondobio.fr\/index.php\/wp-json\/wp\/v2\/product_tag?post=684"}],"curies":[{"name":"wp","href":"https:\/\/api.w.org\/{rel}","templated":true}]}}