{"id":479,"date":"2026-04-07T22:12:11","date_gmt":"2026-04-08T02:12:11","guid":{"rendered":"https:\/\/mondobio.fr\/index.php\/product\/acide-malique-500g\/"},"modified":"2026-04-14T21:59:34","modified_gmt":"2026-04-15T01:59:34","slug":"acide-malique-500g","status":"publish","type":"product","link":"https:\/\/mondobio.fr\/index.php\/product\/acide-malique-500g\/","title":{"rendered":"ACIDE MALIQUE 500G"},"content":{"rendered":"<p>Ce produit est propos\u00e9 dans un format pratique pour accompagner vos pr\u00e9parations maison, usages d&rsquo;entretien, routines beaut\u00e9 ou recettes selon sa nature. Facile \u00e0 utiliser au quotidien, il s&#8217;emploie en suivant les indications figurant sur l&#8217;emballage.<\/p>\n","protected":false},"excerpt":{"rendered":"<p>Acide malique polyvalent pour vos pr\u00e9parations maison et diff\u00e9rents usages du quotidien.<\/p>\n","protected":false},"featured_media":478,"comment_status":"open","ping_status":"closed","template":"","meta":{"_et_pb_use_builder":"","_et_pb_old_content":"","_et_gb_content_width":""},"product_brand":[],"product_cat":[19],"product_tag":[],"class_list":{"0":"post-479","1":"product","2":"type-product","3":"status-publish","4":"has-post-thumbnail","6":"product_cat-complements-alimentaires","8":"first","9":"instock","10":"taxable","11":"shipping-taxable","12":"purchasable","13":"product-type-simple"},"yoast_head":"<!-- This site is optimized with the Yoast SEO plugin v27.5 - https:\/\/yoast.com\/product\/yoast-seo-wordpress\/ -->\n<title>ACIDE MALIQUE 500G - Mondobio<\/title>\n<meta name=\"robots\" content=\"index, follow, max-snippet:-1, max-image-preview:large, max-video-preview:-1\" \/>\n<link rel=\"canonical\" href=\"https:\/\/mondobio.fr\/index.php\/product\/acide-malique-500g\/\" \/>\n<meta property=\"og:locale\" content=\"fr_FR\" \/>\n<meta property=\"og:type\" content=\"article\" \/>\n<meta property=\"og:title\" content=\"ACIDE MALIQUE 500G - Mondobio\" \/>\n<meta property=\"og:description\" content=\"Acide malique polyvalent pour vos pr\u00e9parations maison et diff\u00e9rents usages du quotidien.\" \/>\n<meta property=\"og:url\" content=\"https:\/\/mondobio.fr\/index.php\/product\/acide-malique-500g\/\" \/>\n<meta property=\"og:site_name\" content=\"Mondobio\" \/>\n<meta property=\"article:publisher\" content=\"https:\/\/www.facebook.com\/p\/Mondo-Bio-100039896666120\/\" \/>\n<meta property=\"article:modified_time\" content=\"2026-04-15T01:59:34+00:00\" \/>\n<meta name=\"twitter:card\" content=\"summary_large_image\" \/>\n<script type=\"application\/ld+json\" class=\"yoast-schema-graph\">{\"@context\":\"https:\\\/\\\/schema.org\",\"@graph\":[{\"@type\":\"WebPage\",\"@id\":\"https:\\\/\\\/mondobio.fr\\\/index.php\\\/product\\\/acide-malique-500g\\\/\",\"url\":\"https:\\\/\\\/mondobio.fr\\\/index.php\\\/product\\\/acide-malique-500g\\\/\",\"name\":\"ACIDE MALIQUE 500G - Mondobio\",\"isPartOf\":{\"@id\":\"https:\\\/\\\/mondobio.fr\\\/#website\"},\"primaryImageOfPage\":{\"@id\":\"https:\\\/\\\/mondobio.fr\\\/index.php\\\/product\\\/acide-malique-500g\\\/#primaryimage\"},\"image\":{\"@id\":\"https:\\\/\\\/mondobio.fr\\\/index.php\\\/product\\\/acide-malique-500g\\\/#primaryimage\"},\"thumbnailUrl\":\"https:\\\/\\\/mondobio.fr\\\/wp-content\\\/uploads\\\/2026\\\/04\\\/acide-malique-500g.jpg\",\"datePublished\":\"2026-04-08T02:12:11+00:00\",\"dateModified\":\"2026-04-15T01:59:34+00:00\",\"breadcrumb\":{\"@id\":\"https:\\\/\\\/mondobio.fr\\\/index.php\\\/product\\\/acide-malique-500g\\\/#breadcrumb\"},\"inLanguage\":\"fr-FR\",\"potentialAction\":[{\"@type\":\"ReadAction\",\"target\":[\"https:\\\/\\\/mondobio.fr\\\/index.php\\\/product\\\/acide-malique-500g\\\/\"]}]},{\"@type\":\"ImageObject\",\"inLanguage\":\"fr-FR\",\"@id\":\"https:\\\/\\\/mondobio.fr\\\/index.php\\\/product\\\/acide-malique-500g\\\/#primaryimage\",\"url\":\"https:\\\/\\\/mondobio.fr\\\/wp-content\\\/uploads\\\/2026\\\/04\\\/acide-malique-500g.jpg\",\"contentUrl\":\"https:\\\/\\\/mondobio.fr\\\/wp-content\\\/uploads\\\/2026\\\/04\\\/acide-malique-500g.jpg\",\"width\":267,\"height\":267},{\"@type\":\"BreadcrumbList\",\"@id\":\"https:\\\/\\\/mondobio.fr\\\/index.php\\\/product\\\/acide-malique-500g\\\/#breadcrumb\",\"itemListElement\":[{\"@type\":\"ListItem\",\"position\":1,\"name\":\"Home\",\"item\":\"https:\\\/\\\/mondobio.fr\\\/\"},{\"@type\":\"ListItem\",\"position\":2,\"name\":\"Shop\",\"item\":\"https:\\\/\\\/mondobio.fr\\\/\"},{\"@type\":\"ListItem\",\"position\":3,\"name\":\"ACIDE MALIQUE 500G\"}]},{\"@type\":\"WebSite\",\"@id\":\"https:\\\/\\\/mondobio.fr\\\/#website\",\"url\":\"https:\\\/\\\/mondobio.fr\\\/\",\"name\":\"Mondobio\",\"description\":\"\",\"publisher\":{\"@id\":\"https:\\\/\\\/mondobio.fr\\\/#organization\"},\"potentialAction\":[{\"@type\":\"SearchAction\",\"target\":{\"@type\":\"EntryPoint\",\"urlTemplate\":\"https:\\\/\\\/mondobio.fr\\\/?s={search_term_string}\"},\"query-input\":{\"@type\":\"PropertyValueSpecification\",\"valueRequired\":true,\"valueName\":\"search_term_string\"}}],\"inLanguage\":\"fr-FR\"},{\"@type\":\"Organization\",\"@id\":\"https:\\\/\\\/mondobio.fr\\\/#organization\",\"name\":\"Mondobio\",\"url\":\"https:\\\/\\\/mondobio.fr\\\/\",\"logo\":{\"@type\":\"ImageObject\",\"inLanguage\":\"fr-FR\",\"@id\":\"https:\\\/\\\/mondobio.fr\\\/#\\\/schema\\\/logo\\\/image\\\/\",\"url\":\"https:\\\/\\\/mondobio.fr\\\/wp-content\\\/uploads\\\/2025\\\/07\\\/MondoBio.png\",\"contentUrl\":\"https:\\\/\\\/mondobio.fr\\\/wp-content\\\/uploads\\\/2025\\\/07\\\/MondoBio.png\",\"width\":500,\"height\":500,\"caption\":\"Mondobio\"},\"image\":{\"@id\":\"https:\\\/\\\/mondobio.fr\\\/#\\\/schema\\\/logo\\\/image\\\/\"},\"sameAs\":[\"https:\\\/\\\/www.facebook.com\\\/p\\\/Mondo-Bio-100039896666120\\\/\"]}]}<\/script>\n<!-- \/ Yoast SEO plugin. -->","yoast_head_json":{"title":"ACIDE MALIQUE 500G - Mondobio","robots":{"index":"index","follow":"follow","max-snippet":"max-snippet:-1","max-image-preview":"max-image-preview:large","max-video-preview":"max-video-preview:-1"},"canonical":"https:\/\/mondobio.fr\/index.php\/product\/acide-malique-500g\/","og_locale":"fr_FR","og_type":"article","og_title":"ACIDE MALIQUE 500G - Mondobio","og_description":"Acide malique polyvalent pour vos pr\u00e9parations maison et diff\u00e9rents usages du quotidien.","og_url":"https:\/\/mondobio.fr\/index.php\/product\/acide-malique-500g\/","og_site_name":"Mondobio","article_publisher":"https:\/\/www.facebook.com\/p\/Mondo-Bio-100039896666120\/","article_modified_time":"2026-04-15T01:59:34+00:00","twitter_card":"summary_large_image","schema":{"@context":"https:\/\/schema.org","@graph":[{"@type":"WebPage","@id":"https:\/\/mondobio.fr\/index.php\/product\/acide-malique-500g\/","url":"https:\/\/mondobio.fr\/index.php\/product\/acide-malique-500g\/","name":"ACIDE MALIQUE 500G - Mondobio","isPartOf":{"@id":"https:\/\/mondobio.fr\/#website"},"primaryImageOfPage":{"@id":"https:\/\/mondobio.fr\/index.php\/product\/acide-malique-500g\/#primaryimage"},"image":{"@id":"https:\/\/mondobio.fr\/index.php\/product\/acide-malique-500g\/#primaryimage"},"thumbnailUrl":"https:\/\/mondobio.fr\/wp-content\/uploads\/2026\/04\/acide-malique-500g.jpg","datePublished":"2026-04-08T02:12:11+00:00","dateModified":"2026-04-15T01:59:34+00:00","breadcrumb":{"@id":"https:\/\/mondobio.fr\/index.php\/product\/acide-malique-500g\/#breadcrumb"},"inLanguage":"fr-FR","potentialAction":[{"@type":"ReadAction","target":["https:\/\/mondobio.fr\/index.php\/product\/acide-malique-500g\/"]}]},{"@type":"ImageObject","inLanguage":"fr-FR","@id":"https:\/\/mondobio.fr\/index.php\/product\/acide-malique-500g\/#primaryimage","url":"https:\/\/mondobio.fr\/wp-content\/uploads\/2026\/04\/acide-malique-500g.jpg","contentUrl":"https:\/\/mondobio.fr\/wp-content\/uploads\/2026\/04\/acide-malique-500g.jpg","width":267,"height":267},{"@type":"BreadcrumbList","@id":"https:\/\/mondobio.fr\/index.php\/product\/acide-malique-500g\/#breadcrumb","itemListElement":[{"@type":"ListItem","position":1,"name":"Home","item":"https:\/\/mondobio.fr\/"},{"@type":"ListItem","position":2,"name":"Shop","item":"https:\/\/mondobio.fr\/"},{"@type":"ListItem","position":3,"name":"ACIDE MALIQUE 500G"}]},{"@type":"WebSite","@id":"https:\/\/mondobio.fr\/#website","url":"https:\/\/mondobio.fr\/","name":"Mondobio","description":"","publisher":{"@id":"https:\/\/mondobio.fr\/#organization"},"potentialAction":[{"@type":"SearchAction","target":{"@type":"EntryPoint","urlTemplate":"https:\/\/mondobio.fr\/?s={search_term_string}"},"query-input":{"@type":"PropertyValueSpecification","valueRequired":true,"valueName":"search_term_string"}}],"inLanguage":"fr-FR"},{"@type":"Organization","@id":"https:\/\/mondobio.fr\/#organization","name":"Mondobio","url":"https:\/\/mondobio.fr\/","logo":{"@type":"ImageObject","inLanguage":"fr-FR","@id":"https:\/\/mondobio.fr\/#\/schema\/logo\/image\/","url":"https:\/\/mondobio.fr\/wp-content\/uploads\/2025\/07\/MondoBio.png","contentUrl":"https:\/\/mondobio.fr\/wp-content\/uploads\/2025\/07\/MondoBio.png","width":500,"height":500,"caption":"Mondobio"},"image":{"@id":"https:\/\/mondobio.fr\/#\/schema\/logo\/image\/"},"sameAs":["https:\/\/www.facebook.com\/p\/Mondo-Bio-100039896666120\/"]}]}},"jetpack_sharing_enabled":true,"_links":{"self":[{"href":"https:\/\/mondobio.fr\/index.php\/wp-json\/wp\/v2\/product\/479","targetHints":{"allow":["GET"]}}],"collection":[{"href":"https:\/\/mondobio.fr\/index.php\/wp-json\/wp\/v2\/product"}],"about":[{"href":"https:\/\/mondobio.fr\/index.php\/wp-json\/wp\/v2\/types\/product"}],"replies":[{"embeddable":true,"href":"https:\/\/mondobio.fr\/index.php\/wp-json\/wp\/v2\/comments?post=479"}],"wp:featuredmedia":[{"embeddable":true,"href":"https:\/\/mondobio.fr\/index.php\/wp-json\/wp\/v2\/media\/478"}],"wp:attachment":[{"href":"https:\/\/mondobio.fr\/index.php\/wp-json\/wp\/v2\/media?parent=479"}],"wp:term":[{"taxonomy":"product_brand","embeddable":true,"href":"https:\/\/mondobio.fr\/index.php\/wp-json\/wp\/v2\/product_brand?post=479"},{"taxonomy":"product_cat","embeddable":true,"href":"https:\/\/mondobio.fr\/index.php\/wp-json\/wp\/v2\/product_cat?post=479"},{"taxonomy":"product_tag","embeddable":true,"href":"https:\/\/mondobio.fr\/index.php\/wp-json\/wp\/v2\/product_tag?post=479"}],"curies":[{"name":"wp","href":"https:\/\/api.w.org\/{rel}","templated":true}]}}